{"id":1022,"date":"2024-09-30T18:23:30","date_gmt":"2024-09-30T16:23:30","guid":{"rendered":"https:\/\/gls.dclic.be\/?page_id=1022"},"modified":"2026-04-16T04:17:33","modified_gmt":"2026-04-16T02:17:33","slug":"francine-bui","status":"publish","type":"page","link":"https:\/\/www.gls-attorneys.com\/index.php\/francine-bui\/","title":{"rendered":"Francine BUI"},"content":{"rendered":"\n<style type=\"text\/css\" data-created_by=\"avia_inline_auto\" id=\"style-css-av-145nae-a803449a072150878436a184e43c4e68\">\n.avia-section.av-145nae-a803449a072150878436a184e43c4e68{\nbackground-repeat:no-repeat;\nbackground-image:url(https:\/\/www.gls-attorneys.com\/wp-content\/uploads\/2018\/05\/hero-blurred-300x125.jpg);\nbackground-position:50% 50%;\nbackground-attachment:scroll;\n}\n.avia-section.av-145nae-a803449a072150878436a184e43c4e68 .av-section-color-overlay{\nopacity:0.6;\nbackground-color:#084a79;\n}\n<\/style>\n<div id='av_section_1'  class='avia-section av-145nae-a803449a072150878436a184e43c4e68 main_color avia-section-default avia-no-border-styling  avia-builder-el-0  el_before_av_one_full  avia-builder-el-first  avia-full-stretch avia-bg-style-scroll av-section-color-overlay-active av-minimum-height av-minimum-height-custom av-height-custom  container_wrap fullsize'  data-section-bg-repeat='stretch' data-av_minimum_height_px='230'><div class=\"av-section-color-overlay-wrap\"><div class=\"av-section-color-overlay\"><\/div><div class='container av-section-cont-open' style='height:230px'><main  role=\"main\" itemprop=\"mainContentOfPage\"  class='template-page content  av-content-full alpha units'><div class='post-entry post-entry-type-page post-entry-1022'><div class='entry-content-wrapper clearfix'>\n\n<style type=\"text\/css\" data-created_by=\"avia_inline_auto\" id=\"style-css-av-1kbp16-3421f18de359c4df72201708db8118ca\">\n.flex_column.av-1kbp16-3421f18de359c4df72201708db8118ca{\nborder-radius:0px 0px 0px 0px;\npadding:0px 0px 0px 0px;\n}\n<\/style>\n<div  class='flex_column av-1kbp16-3421f18de359c4df72201708db8118ca av_one_full  avia-builder-el-1  avia-builder-el-no-sibling  first flex_column_div av-animated-generic bottom-to-top av-zero-column-padding  '     ><style type=\"text\/css\" data-created_by=\"avia_inline_auto\" id=\"style-css-av-m1p6shl9-37419c0eca9a0162fcf0f4acfec05a29\">\n#top .av-special-heading.av-m1p6shl9-37419c0eca9a0162fcf0f4acfec05a29{\nmargin:0 0 0 0;\npadding-bottom:0;\ncolor:#ffffff;\nfont-size:4vw;\n}\nbody .av-special-heading.av-m1p6shl9-37419c0eca9a0162fcf0f4acfec05a29 .av-special-heading-tag .heading-char{\nfont-size:25px;\n}\n#top #wrap_all .av-special-heading.av-m1p6shl9-37419c0eca9a0162fcf0f4acfec05a29 .av-special-heading-tag{\nfont-size:4vw;\n}\n.av-special-heading.av-m1p6shl9-37419c0eca9a0162fcf0f4acfec05a29 .special-heading-inner-border{\nborder-color:#ffffff;\n}\n.av-special-heading.av-m1p6shl9-37419c0eca9a0162fcf0f4acfec05a29 .av-subheading{\nfont-size:15px;\n}\n\n@media only screen and (min-width: 480px) and (max-width: 767px){ \n#top #wrap_all .av-special-heading.av-m1p6shl9-37419c0eca9a0162fcf0f4acfec05a29 .av-special-heading-tag{\nfont-size:0.8em;\n}\n}\n\n@media only screen and (max-width: 479px){ \n#top #wrap_all .av-special-heading.av-m1p6shl9-37419c0eca9a0162fcf0f4acfec05a29 .av-special-heading-tag{\nfont-size:0.8em;\n}\n}\n<\/style>\n<div  class='av-special-heading av-m1p6shl9-37419c0eca9a0162fcf0f4acfec05a29 av-special-heading-h2 custom-color-heading blockquote modern-quote modern-centered  avia-builder-el-2  avia-builder-el-no-sibling  av-inherit-size'><h2 class='av-special-heading-tag '  itemprop=\"headline\"  >Francine BUI<\/h2><div class=\"special-heading-border\"><div class=\"special-heading-inner-border\"><\/div><\/div><\/div><\/div>\n<\/div><\/div><\/main><!-- close content main element --><\/div><\/div><\/div><div id='after_section_1'  class='main_color av_default_container_wrap container_wrap fullsize'  ><div class='container av-section-cont-open' ><div class='template-page content  av-content-full alpha units'><div class='post-entry post-entry-type-page post-entry-1022'><div class='entry-content-wrapper clearfix'>\n<div  class='flex_column av-39ezf0-e4bfd19c0758295bbe17a4497dc87146 av_one_full  avia-builder-el-3  el_after_av_section  el_before_av_layout_row  avia-builder-el-no-sibling  first flex_column_div  '     ><\/div>\n<\/div><\/div><\/div><!-- close content main div --><\/div><\/div><div id='av-layout-grid-1'  class='av-layout-grid-container av-m1p72lu1-c453de0c5fe6e42d4c52dce48aa5482f entry-content-wrapper main_color av-flex-cells  avia-builder-el-4  el_after_av_one_full  el_before_av_section  grid-row-not-first  container_wrap fullsize'  >\n\n<style type=\"text\/css\" data-created_by=\"avia_inline_auto\" id=\"style-css-av-m1p74mlp-4156186729bd67c6e5286a99128392e7\">\n.flex_cell.av-m1p74mlp-4156186729bd67c6e5286a99128392e7{\nvertical-align:middle;\nbackground:url(https:\/\/www.gls-attorneys.com\/wp-content\/uploads\/2024\/09\/Francine-BUI-color-257x300.png) 50% 100% no-repeat scroll ;\n}\n.responsive #top #wrap_all .flex_cell.av-m1p74mlp-4156186729bd67c6e5286a99128392e7{\npadding:180px 60px 180px 60px !important;\n}\n<\/style>\n<div class='flex_cell av-m1p74mlp-4156186729bd67c6e5286a99128392e7 av-gridrow-cell av_one_third no_margin  avia-builder-el-5  el_before_av_cell_two_third  avia-builder-el-first  avia-full-contain'  ><div class='flex_cell_inner'><\/div><\/div><div class='flex_cell av-34een8-2f9262e700ec49ac94d3413c61be998e av-gridrow-cell av_two_third no_margin  avia-builder-el-6  el_after_av_cell_one_third  avia-builder-el-last '  ><div class='flex_cell_inner'><p>\n<style type=\"text\/css\" data-created_by=\"avia_inline_auto\" id=\"style-css-av-m1p79r52-61e8de03b0ef29c1f085764d14664229\">\n#top .av-special-heading.av-m1p79r52-61e8de03b0ef29c1f085764d14664229{\npadding-bottom:10px;\n}\nbody .av-special-heading.av-m1p79r52-61e8de03b0ef29c1f085764d14664229 .av-special-heading-tag .heading-char{\nfont-size:25px;\n}\n.av-special-heading.av-m1p79r52-61e8de03b0ef29c1f085764d14664229 .av-subheading{\nfont-size:15px;\n}\n<\/style>\n<div  class='av-special-heading av-m1p79r52-61e8de03b0ef29c1f085764d14664229 av-special-heading-h3 blockquote modern-quote  avia-builder-el-7  el_before_av_textblock  avia-builder-el-first '><h3 class='av-special-heading-tag '  itemprop=\"headline\"  >Membre du Barreau de Bruxelles depuis 2005<\/h3><div class='av-subheading av-subheading_below'><p>Partner<\/p>\n<\/div><div class=\"special-heading-border\"><div class=\"special-heading-inner-border\"><\/div><\/div><\/div><br \/>\n<section  class='av_textblock_section av-m1p7ar8j-944c8b96afc18a3e2cfc5a965ffe80f7 '   itemscope=\"itemscope\" itemtype=\"https:\/\/schema.org\/CreativeWork\" ><div class='avia_textblock'  itemprop=\"text\" ><p>Elle est membre du barreau de Bruxelles depuis 2005.<\/p>\n<p>Apr\u00e8s avoir obtenu une licence en droit \u00e0 l\u2019Universit\u00e9 Libre de Bruxelles (2003), elle est partie aux Etats Unis, o\u00f9 elle a acquis un Master of Business Administration (M.B.A.) de la Southern New Hampshire University (S.N.H.U., 2005).<\/p>\n<p>Elle a rejoint diff\u00e9rents cabinets d\u2019avocats multidisciplinaires, mais s\u2019est rapidement consacr\u00e9e au d\u00e9veloppement de son cabinet et a d\u00e9cid\u00e9 de rejoindre GLS, avec plusieurs de ses confr\u00e8res en mars 2014.<\/p>\n<p>Sa pratique couvre le droit du bail, le droit civil, le droit des contrats et le droit commercial.<\/p>\n<p>Elle traite les dossiers, tant au niveau du conseil, de la n\u00e9gociation, que dans la gestion du contentieux.<\/p>\n<p>Elle conseille tant les entreprises, que les particuliers et assure la d\u00e9fense de leurs int\u00e9r\u00eats en la mati\u00e8re.<\/p>\n<p>Elle est le conseil r\u00e9gulier de soci\u00e9t\u00e9 de logements sociaux et d\u2019agences immobili\u00e8res sociales.<\/p>\n<p>Elle est \u00e9galement m\u00e9diatrice agr\u00e9\u00e9e en mati\u00e8res civiles, commerciales et sociale. Elle intervient ainsi tant en qualit\u00e9 de m\u00e9diatrice que de conseil d\u2019une partie en m\u00e9diation.<\/p>\n<p>LANGUES\u00a0:<\/p>\n<ul>\n<li>Fran\u00e7ais (langue maternelle)<\/li>\n<li>Anglais<\/li>\n<li>Vietnamien<\/li>\n<\/ul>\n<\/div><\/section><br \/>\n<div  class='hr av-afax8-c62c731bbacf50d4c6c136722de573d4 hr-default  avia-builder-el-9  el_after_av_textblock  el_before_av_textblock '><span class='hr-inner '><span class=\"hr-inner-style\"><\/span><\/span><\/div><br \/>\n<section  class='av_textblock_section av-m1p7bz2x-e7208a492643392fc18489632f5067b4 '   itemscope=\"itemscope\" itemtype=\"https:\/\/schema.org\/CreativeWork\" ><div class='avia_textblock'  itemprop=\"text\" ><p style=\"text-align: right;\">TVA : BE 0816 483 444<br \/>\nCompte honoraires : BE94 7340 1506 4614<br \/>\nCompte tiers : BE06 7350 1608 6022<\/p>\n<\/div><\/section><\/p>\n<\/div><\/div>\n<\/div>\n<div id='av_section_2'  class='avia-section av-2og84c-1f7f0a55696ec2e15f861458341338fd main_color avia-section-huge avia-no-shadow  avia-builder-el-11  el_after_av_layout_row  el_before_av_one_full  avia-bg-style-scroll container_wrap fullsize'  ><div class='container av-section-cont-open' ><div class='template-page content  av-content-full alpha units'><div class='post-entry post-entry-type-page post-entry-1022'><div class='entry-content-wrapper clearfix'>\n\n<style type=\"text\/css\" data-created_by=\"avia_inline_auto\" id=\"style-css-av-9ghu4-4c244b16a3466f2d33b79d58d8bfd22c\">\n.flex_column.av-9ghu4-4c244b16a3466f2d33b79d58d8bfd22c{\nborder-radius:0px 0px 0px 0px;\npadding:0px 0px 0px 0px;\n}\n<\/style>\n<div  class='flex_column av-9ghu4-4c244b16a3466f2d33b79d58d8bfd22c av_one_half  avia-builder-el-12  el_before_av_one_half  avia-builder-el-first  first flex_column_div av-animated-generic bottom-to-top av-zero-column-padding  '     ><p>\n<style type=\"text\/css\" data-created_by=\"avia_inline_auto\" id=\"style-css-av-2flquc-fdf15213aad5f1871fd15b4b951f2931\">\n#top .av-special-heading.av-2flquc-fdf15213aad5f1871fd15b4b951f2931{\npadding-bottom:10px;\nfont-size:50px;\n}\nbody .av-special-heading.av-2flquc-fdf15213aad5f1871fd15b4b951f2931 .av-special-heading-tag .heading-char{\nfont-size:25px;\n}\n#top #wrap_all .av-special-heading.av-2flquc-fdf15213aad5f1871fd15b4b951f2931 .av-special-heading-tag{\nfont-size:50px;\n}\n.av-special-heading.av-2flquc-fdf15213aad5f1871fd15b4b951f2931 .av-subheading{\nfont-size:15px;\n}\n\n@media only screen and (min-width: 480px) and (max-width: 767px){ \n#top #wrap_all .av-special-heading.av-2flquc-fdf15213aad5f1871fd15b4b951f2931 .av-special-heading-tag{\nfont-size:0.8em;\n}\n}\n\n@media only screen and (max-width: 479px){ \n#top #wrap_all .av-special-heading.av-2flquc-fdf15213aad5f1871fd15b4b951f2931 .av-special-heading-tag{\nfont-size:0.8em;\n}\n}\n<\/style>\n<div  class='av-special-heading av-2flquc-fdf15213aad5f1871fd15b4b951f2931 av-special-heading-h4 blockquote modern-quote  avia-builder-el-13  el_before_av_contact  avia-builder-el-first  av-inherit-size'><h4 class='av-special-heading-tag '  itemprop=\"headline\"  >Me contacter<\/h4><div class=\"special-heading-border\"><div class=\"special-heading-inner-border\"><\/div><\/div><\/div><br \/>\n<form action=\"https:\/\/www.gls-attorneys.com\/index.php\/francine-bui\/\" method=\"post\" data-fields-with-error=\"Found errors in the following field(s):\" class=\"avia_ajax_form av-form-labels-hidden   avia-builder-el-14  el_after_av_heading  avia-builder-el-last   \" data-avia-form-id=\"1\" data-avia-redirect=''  aria-label='Contact Form' ><fieldset><p class='  first_form  form_element form_element_half' id='element_avia_1_1'><label for=\"avia_1_1\">Nom <abbr class=\"required\" title=\"required\">*<\/abbr><\/label> <input name=\"avia_1_1\" class=\"text_input is_empty\" type=\"text\" id=\"avia_1_1\" value=\"\"  placeholder='Nom*'\/><\/p><p class='  form_element form_element_half' id='element_avia_2_1'><label for=\"avia_2_1\">E-Mail <abbr class=\"required\" title=\"required\">*<\/abbr><\/label> <input name=\"avia_2_1\" class=\"text_input is_email\" type=\"text\" id=\"avia_2_1\" value=\"\"  placeholder='E-Mail*'\/><\/p><p class='  first_form  form_element form_element_half' id='element_avia_3_1'><label for=\"avia_3_1\">T\u00e9l\u00e9phone<\/label> <input name=\"avia_3_1\" class=\"text_input \" type=\"text\" id=\"avia_3_1\" value=\"\"  placeholder='T\u00e9l\u00e9phone'\/><\/p><p class='  form_element form_element_half' id='element_avia_4_1'><label for=\"avia_4_1\">Sujet<\/label> <input name=\"avia_4_1\" class=\"text_input \" type=\"text\" id=\"avia_4_1\" value=\"\"  placeholder='Sujet'\/><\/p><p class='  first_form  form_element form_fullwidth av-last-visible-form-element' id='element_avia_5_1'><label for=\"avia_5_1\" class=\"textare_label hidden textare_label_avia_5_1\">Message <abbr class=\"required\" title=\"required\">*<\/abbr><\/label><textarea  placeholder='Message*' name=\"avia_5_1\" class=\"text_area is_empty\" cols=\"40\" rows=\"7\" id=\"avia_5_1\" ><\/textarea><\/p><p class=\"hidden\"><input type=\"text\" name=\"avia_6_1\" class=\"hidden \" id=\"avia_6_1\" value=\"\" \/><\/p><p class=\"form_element \"><input type=\"hidden\" value=\"1\" name=\"avia_generated_form1\" \/><input type=\"submit\" value=\"Submit\" class=\"button\"  data-sending-label=\"Sending\"\/><\/p><\/fieldset><\/form><div id=\"ajaxresponse_1\" class=\"ajaxresponse ajaxresponse_1 hidden\"><\/div><\/p><\/div>\n<style type=\"text\/css\" data-created_by=\"avia_inline_auto\" id=\"style-css-av-19l7gc-a3504a1c6cf1f75b5c7c73501e724c43\">\n.flex_column.av-19l7gc-a3504a1c6cf1f75b5c7c73501e724c43{\nborder-radius:0px 0px 0px 0px;\npadding:0px 0px 0px 0px;\n}\n<\/style>\n<div  class='flex_column av-19l7gc-a3504a1c6cf1f75b5c7c73501e724c43 av_one_half  avia-builder-el-15  el_after_av_one_half  avia-builder-el-last  flex_column_div av-animated-generic bottom-to-top av-zero-column-padding  '     ><p>\n<style type=\"text\/css\" data-created_by=\"avia_inline_auto\" id=\"style-css-av-130lpg-de6c67569a528142797209df27afdd67\">\n#top .av-special-heading.av-130lpg-de6c67569a528142797209df27afdd67{\npadding-bottom:10px;\nfont-size:50px;\n}\nbody .av-special-heading.av-130lpg-de6c67569a528142797209df27afdd67 .av-special-heading-tag .heading-char{\nfont-size:25px;\n}\n#top #wrap_all .av-special-heading.av-130lpg-de6c67569a528142797209df27afdd67 .av-special-heading-tag{\nfont-size:50px;\n}\n.av-special-heading.av-130lpg-de6c67569a528142797209df27afdd67 .av-subheading{\nfont-size:15px;\n}\n\n@media only screen and (min-width: 480px) and (max-width: 767px){ \n#top #wrap_all .av-special-heading.av-130lpg-de6c67569a528142797209df27afdd67 .av-special-heading-tag{\nfont-size:0.8em;\n}\n}\n\n@media only screen and (max-width: 479px){ \n#top #wrap_all .av-special-heading.av-130lpg-de6c67569a528142797209df27afdd67 .av-special-heading-tag{\nfont-size:0.8em;\n}\n}\n<\/style>\n<div  class='av-special-heading av-130lpg-de6c67569a528142797209df27afdd67 av-special-heading-h4 blockquote modern-quote  avia-builder-el-16  el_before_av_textblock  avia-builder-el-first  av-inherit-size'><h4 class='av-special-heading-tag '  itemprop=\"headline\"  >Nos bureaux<\/h4><div class=\"special-heading-border\"><div class=\"special-heading-inner-border\"><\/div><\/div><\/div><br \/>\n<section  class='av_textblock_section av-y9oxg-b7901b5a9f20cc56cd2a8d212d5432fe '   itemscope=\"itemscope\" itemtype=\"https:\/\/schema.org\/CreativeWork\" ><div class='avia_textblock'  itemprop=\"text\" ><p><strong>Avenue Louise, 87 bte 17<\/strong><br \/>\n1050 Bruxelles<\/p>\n<p>www.gls-attorneys.com<br \/>\n+32 475 75 38 34<\/p>\n<\/div><\/section><br \/>\n<div id='avia-leaflet-map-1' class='av_leaflet_sc_main_wrap av-m1q38x58-6e3e13397ed9af73bf0f08d13b0b547c av_leaflet_main_wrap'><div class='avia-leaflet-map-container avia-leaflet-map-sc'><div class=\"leaflet-map WPLeafletMap\" style=\"height:250px; width:100%;\"><\/div><script>\nwindow.WPLeafletMapPlugin = window.WPLeafletMapPlugin || [];\nwindow.WPLeafletMapPlugin.push(function WPLeafletMapShortcode() {\/*<script>*\/\nvar baseUrl = atob('aHR0cHM6Ly90aWxlLm9wZW5zdHJlZXRtYXAub3JnL3t6fS97eH0ve3l9LnBuZw==');\nvar base = (!baseUrl && window.MQ) ?\n    window.MQ.mapLayer() : L.tileLayer(baseUrl,\n        L.Util.extend({}, {\n            detectRetina: 0,\n        },\n        {\"subdomains\":\"abc\",\"noWrap\":false,\"maxZoom\":20}        )\n    );\n    var options = L.Util.extend({}, {\n        layers: [base],\n        attributionControl: false\n    },\n    {\"closePopupOnClick\":false,\"dragging\":true,\"keyboard\":true,\"tap\":false,\"zoomControl\":false,\"scrollWheelZoom\":true,\"doubleClickZoom\":false,\"fitBounds\":false,\"minZoom\":0,\"maxZoom\":20,\"maxBounds\":null,\"attribution\":\"<a href=\\\"http:\\\/\\\/leafletjs.com\\\" title=\\\"A JS library for interactive maps\\\">Leaflet<\\\/a>; \\u00a9 <a href=\\\"http:\\\/\\\/www.openstreetmap.org\\\/copyright\\\">OpenStreetMap<\\\/a> contributors\"},\n    {});\nwindow.WPLeafletMapPlugin.createMap(options).setView([50.8318281,4.3586032],18);window.WPLeafletMapPlugin.createScale({});});<\/script><script>\nwindow.WPLeafletMapPlugin = window.WPLeafletMapPlugin || [];\nwindow.WPLeafletMapPlugin.push(function WPLeafletMarkerShortcode() {\/*<script>*\/\nvar map = window.WPLeafletMapPlugin.getCurrentMap();\nvar group = window.WPLeafletMapPlugin.getCurrentGroup();\nvar marker_options = window.WPLeafletMapPlugin.getIconOptions({\"draggable\":false});\nvar marker = L.marker(\n    [50.8318281,4.3586032],\n    marker_options\n);\nvar is_image = map.is_image_map;\nif (marker_options.draggable) {\n    marker.on('dragend', function () {\n        var latlng = this.getLatLng();\n        var lat = latlng.lat;\n        var lng = latlng.lng;\n        if (is_image) {\n            console.log('leaflet-marker y=' + lat + ' x=' + lng);\n        } else {\n            console.log('leaflet-marker lat=' + lat + ' lng=' + lng);\n        }\n    });\n}\nmarker.addTo( group );\nwindow.WPLeafletMapPlugin.markers.push( marker );\n        });<\/script><\/div><\/div><\/p><\/div><\/div><\/div><\/div><!-- close content main div --><\/div><\/div><div id='after_section_2'  class='main_color av_default_container_wrap container_wrap fullsize'  ><div class='container av-section-cont-open' ><div class='template-page content  av-content-full alpha units'><div class='post-entry post-entry-type-page post-entry-1022'><div class='entry-content-wrapper clearfix'>\n<style type=\"text\/css\" data-created_by=\"avia_inline_auto\" id=\"style-css-av-je5lw-81e9513aa89daf811b4fb0bfa5abae4c\">\n#top .flex_column.av-je5lw-81e9513aa89daf811b4fb0bfa5abae4c{\nmargin-top:0px;\nmargin-bottom:0px;\n}\n.flex_column.av-je5lw-81e9513aa89daf811b4fb0bfa5abae4c{\nborder-radius:0px 0px 0px 0px;\npadding:0px 0px 0px 0px;\n}\n.responsive #top #wrap_all .flex_column.av-je5lw-81e9513aa89daf811b4fb0bfa5abae4c{\nmargin-top:0px;\nmargin-bottom:0px;\n}\n<\/style>\n<div  class='flex_column av-je5lw-81e9513aa89daf811b4fb0bfa5abae4c av_one_full  avia-builder-el-19  el_after_av_section  el_before_av_one_full  avia-builder-el-first  first flex_column_div av-animated-generic left-to-right av-zero-column-padding  '     ><style type=\"text\/css\" data-created_by=\"avia_inline_auto\" id=\"style-css-av-dscy4-ed0d12165d7aee2de0fd3bb070d233b3\">\n#top .av-special-heading.av-dscy4-ed0d12165d7aee2de0fd3bb070d233b3{\nmargin:0 0 0 0;\npadding-bottom:0;\ncolor:#ffffff;\nfont-size:4vw;\n}\nbody .av-special-heading.av-dscy4-ed0d12165d7aee2de0fd3bb070d233b3 .av-special-heading-tag .heading-char{\nfont-size:25px;\n}\n#top #wrap_all .av-special-heading.av-dscy4-ed0d12165d7aee2de0fd3bb070d233b3 .av-special-heading-tag{\nfont-size:4vw;\n}\n.av-special-heading.av-dscy4-ed0d12165d7aee2de0fd3bb070d233b3 .special-heading-inner-border{\nborder-color:#ffffff;\n}\n.av-special-heading.av-dscy4-ed0d12165d7aee2de0fd3bb070d233b3 .av-subheading{\nfont-size:25px;\n}\n\n@media only screen and (min-width: 480px) and (max-width: 767px){ \n#top #wrap_all .av-special-heading.av-dscy4-ed0d12165d7aee2de0fd3bb070d233b3 .av-special-heading-tag{\nfont-size:0.8em;\n}\n}\n\n@media only screen and (max-width: 479px){ \n#top #wrap_all .av-special-heading.av-dscy4-ed0d12165d7aee2de0fd3bb070d233b3 .av-special-heading-tag{\nfont-size:0.8em;\n}\n}\n<\/style>\n<div  class='av-special-heading av-dscy4-ed0d12165d7aee2de0fd3bb070d233b3 av-special-heading-h2 custom-color-heading blockquote modern-quote modern-centered  avia-builder-el-20  avia-builder-el-no-sibling  av-inherit-size'><h2 class='av-special-heading-tag '  itemprop=\"headline\"  >Practice Areas<\/h2><div class=\"special-heading-border\"><div class=\"special-heading-inner-border\"><\/div><\/div><\/div><\/div><\/p>\n<div  class='flex_column av-9o2zg-34056c94d0cbd4adf3a475bc77827afb av_one_full  avia-builder-el-21  el_after_av_one_full  avia-builder-el-last  first flex_column_div  column-top-margin'     ><\/div>\n","protected":false},"excerpt":{"rendered":"","protected":false},"author":1,"featured_media":0,"parent":0,"menu_order":0,"comment_status":"open","ping_status":"closed","template":"","meta":{"footnotes":""},"class_list":["post-1022","page","type-page","status-publish","hentry"],"_links":{"self":[{"href":"https:\/\/www.gls-attorneys.com\/index.php\/wp-json\/wp\/v2\/pages\/1022","targetHints":{"allow":["GET"]}}],"collection":[{"href":"https:\/\/www.gls-attorneys.com\/index.php\/wp-json\/wp\/v2\/pages"}],"about":[{"href":"https:\/\/www.gls-attorneys.com\/index.php\/wp-json\/wp\/v2\/types\/page"}],"author":[{"embeddable":true,"href":"https:\/\/www.gls-attorneys.com\/index.php\/wp-json\/wp\/v2\/users\/1"}],"replies":[{"embeddable":true,"href":"https:\/\/www.gls-attorneys.com\/index.php\/wp-json\/wp\/v2\/comments?post=1022"}],"version-history":[{"count":7,"href":"https:\/\/www.gls-attorneys.com\/index.php\/wp-json\/wp\/v2\/pages\/1022\/revisions"}],"predecessor-version":[{"id":1316,"href":"https:\/\/www.gls-attorneys.com\/index.php\/wp-json\/wp\/v2\/pages\/1022\/revisions\/1316"}],"wp:attachment":[{"href":"https:\/\/www.gls-attorneys.com\/index.php\/wp-json\/wp\/v2\/media?parent=1022"}],"curies":[{"name":"wp","href":"https:\/\/api.w.org\/{rel}","templated":true}]}}